{"id":1069,"date":"2024-09-18T09:24:51","date_gmt":"2024-09-18T07:24:51","guid":{"rendered":"https:\/\/mazdyncrea.com\/?post_type=product&#038;p=1069"},"modified":"2025-12-11T04:37:31","modified_gmt":"2025-12-11T03:37:31","slug":"marque-page-poupee-vaudou","status":"publish","type":"product","link":"https:\/\/mazdyncrea.com\/index.php\/produit\/marque-page-poupee-vaudou\/","title":{"rendered":"Marque-Page Poup\u00e9e Vaudou"},"content":{"rendered":"<p>Marque-Page Poup\u00e9e Vaudou<\/p>\n<p>Mod\u00e8le unique.<\/p>\n<p>Cr\u00e9ation r\u00e9aliser par mes soins, dessins, plastifier, tresse de fil de coton, ajout d&rsquo;une perle.<\/p>\n<p>Poup\u00e9e Vaudou peint sur une face, phrase sur l&rsquo;autre face : Poup\u00e9e Vaudou ou s\u00e9ance d&rsquo;acupuncture<\/p>\n<p>Dimensions : 6.5 x 15.5 cm, fil de coton 16cm<\/p>\n<p>Envoie avec vinted possible, me contacter via mazdyncrea@gmail.com<\/p>\n","protected":false},"excerpt":{"rendered":"<p>Marque-Page Poup\u00e9e vaudou<\/p>\n","protected":false},"featured_media":1043,"comment_status":"open","ping_status":"closed","template":"","meta":[],"product_brand":[],"product_cat":[20],"product_tag":[],"class_list":{"0":"post-1069","1":"product","2":"type-product","3":"status-publish","4":"has-post-thumbnail","6":"product_cat-marque-pages","7":"product_shipping_class-colis-bijoux-suspensions-aimants-marque-page","9":"entry","10":"has-media","12":"first","13":"instock","14":"shipping-taxable","15":"purchasable","16":"product-type-simple","17":"has-product-nav","18":"col","19":"span_1_of_3","20":"owp-content-center","21":"owp-thumbs-layout-horizontal","22":"owp-btn-normal","23":"owp-tabs-layout-horizontal","25":"circle-sale"},"_links":{"self":[{"href":"https:\/\/mazdyncrea.com\/index.php\/wp-json\/wp\/v2\/product\/1069","targetHints":{"allow":["GET"]}}],"collection":[{"href":"https:\/\/mazdyncrea.com\/index.php\/wp-json\/wp\/v2\/product"}],"about":[{"href":"https:\/\/mazdyncrea.com\/index.php\/wp-json\/wp\/v2\/types\/product"}],"replies":[{"embeddable":true,"href":"https:\/\/mazdyncrea.com\/index.php\/wp-json\/wp\/v2\/comments?post=1069"}],"wp:featuredmedia":[{"embeddable":true,"href":"https:\/\/mazdyncrea.com\/index.php\/wp-json\/wp\/v2\/media\/1043"}],"wp:attachment":[{"href":"https:\/\/mazdyncrea.com\/index.php\/wp-json\/wp\/v2\/media?parent=1069"}],"wp:term":[{"taxonomy":"product_brand","embeddable":true,"href":"https:\/\/mazdyncrea.com\/index.php\/wp-json\/wp\/v2\/product_brand?post=1069"},{"taxonomy":"product_cat","embeddable":true,"href":"https:\/\/mazdyncrea.com\/index.php\/wp-json\/wp\/v2\/product_cat?post=1069"},{"taxonomy":"product_tag","embeddable":true,"href":"https:\/\/mazdyncrea.com\/index.php\/wp-json\/wp\/v2\/product_tag?post=1069"}],"curies":[{"name":"wp","href":"https:\/\/api.w.org\/{rel}","templated":true}]}}