{"id":1063,"date":"2024-09-18T09:25:49","date_gmt":"2024-09-18T07:25:49","guid":{"rendered":"https:\/\/mazdyncrea.com\/?post_type=product&#038;p=1063"},"modified":"2025-12-11T04:37:34","modified_gmt":"2025-12-11T03:37:34","slug":"dessin-violence-medicale-et-grossophobie","status":"publish","type":"product","link":"https:\/\/mazdyncrea.com\/index.php\/produit\/dessin-violence-medicale-et-grossophobie\/","title":{"rendered":"Dessin &#8211; Violence M\u00e9dicale et Grossophobie"},"content":{"rendered":"<p>Violence M\u00e9dicale et Grossophobie<\/p>\n<p>\u0152uvre originale et unique. Cependant possibilit\u00e9 de faire des impressions.<\/p>\n<p>Utilisation de craie, peinture \u00e0 l&rsquo;huile, crayon gris, stylo, feutre de peinture<\/p>\n<p>J&rsquo;ai subi divers violences m\u00e9dicales, et j&rsquo;en ai subi des nouvelles lors de certaines hospitalisations, ce qui m&rsquo;a \u00e9galement fait revivre mes anciens traumas. J&rsquo;ai voulu travailler dessus, par l&rsquo;art. Je vous les propose \u00e0 pr\u00e9sent car cela parlera \u00e0 d&rsquo;autres, mais \u00e9galement pour en faire sortir quelques choses de bien.<\/p>\n<p>Dimensions : 24 x 32 cm<\/p>\n","protected":false},"excerpt":{"rendered":"<p>Dessin &#8211; Violence M\u00e9dicale &#8211; Grossophobie<\/p>\n","protected":false},"featured_media":1031,"comment_status":"open","ping_status":"closed","template":"","meta":[],"product_brand":[],"product_cat":[23],"product_tag":[],"class_list":{"0":"post-1063","1":"product","2":"type-product","3":"status-publish","4":"has-post-thumbnail","6":"product_cat-peintures","7":"product_shipping_class-lettres-photos-illus-cartes-peintures","9":"entry","10":"has-media","12":"first","13":"instock","14":"shipping-taxable","15":"purchasable","16":"product-type-simple","17":"has-product-nav","18":"col","19":"span_1_of_3","20":"owp-content-center","21":"owp-thumbs-layout-horizontal","22":"owp-btn-normal","23":"owp-tabs-layout-horizontal","24":"has-no-thumbnails","26":"circle-sale"},"_links":{"self":[{"href":"https:\/\/mazdyncrea.com\/index.php\/wp-json\/wp\/v2\/product\/1063","targetHints":{"allow":["GET"]}}],"collection":[{"href":"https:\/\/mazdyncrea.com\/index.php\/wp-json\/wp\/v2\/product"}],"about":[{"href":"https:\/\/mazdyncrea.com\/index.php\/wp-json\/wp\/v2\/types\/product"}],"replies":[{"embeddable":true,"href":"https:\/\/mazdyncrea.com\/index.php\/wp-json\/wp\/v2\/comments?post=1063"}],"wp:featuredmedia":[{"embeddable":true,"href":"https:\/\/mazdyncrea.com\/index.php\/wp-json\/wp\/v2\/media\/1031"}],"wp:attachment":[{"href":"https:\/\/mazdyncrea.com\/index.php\/wp-json\/wp\/v2\/media?parent=1063"}],"wp:term":[{"taxonomy":"product_brand","embeddable":true,"href":"https:\/\/mazdyncrea.com\/index.php\/wp-json\/wp\/v2\/product_brand?post=1063"},{"taxonomy":"product_cat","embeddable":true,"href":"https:\/\/mazdyncrea.com\/index.php\/wp-json\/wp\/v2\/product_cat?post=1063"},{"taxonomy":"product_tag","embeddable":true,"href":"https:\/\/mazdyncrea.com\/index.php\/wp-json\/wp\/v2\/product_tag?post=1063"}],"curies":[{"name":"wp","href":"https:\/\/api.w.org\/{rel}","templated":true}]}}