{"id":1057,"date":"2024-09-18T09:24:51","date_gmt":"2024-09-18T07:24:51","guid":{"rendered":"https:\/\/mazdyncrea.com\/?post_type=product&#038;p=1057"},"modified":"2025-12-11T04:37:33","modified_gmt":"2025-12-11T03:37:33","slug":"peinture-fond-du-gouffre","status":"publish","type":"product","link":"https:\/\/mazdyncrea.com\/index.php\/produit\/peinture-fond-du-gouffre\/","title":{"rendered":"Peinture &#8211; Fond du gouffre"},"content":{"rendered":"<p>Peinture Fond du gouffre.<\/p>\n<p>\u0152uvre originale et unique.<\/p>\n<p>J&rsquo;ai utiliser de l&rsquo;acrylique et de la r\u00e9cup de maquillage.<\/p>\n<p>Je l&rsquo;ai peint pendant une p\u00e9riode d\u00e9pressive, je voulais une porte de sortie et que ces sentiments et douleurs s&rsquo;arr\u00eatent. Au fond du gouffre, trouver quelque chose qui peut se terminer et qui peut apaiser.<\/p>\n<p>M\u00eame si c&rsquo;est quelque chose de sombre, je trouve qu&rsquo;il y a quelque chose \u00e9galement d&rsquo;apaisant.<\/p>\n<p>La peinture est plastifi\u00e9e.<\/p>\n<p>Dimensions : 18.5 x 15 cm<\/p>\n","protected":false},"excerpt":{"rendered":"<p>Peinture &#8211; Fond du gouffre<\/p>\n","protected":false},"featured_media":1033,"comment_status":"open","ping_status":"closed","template":"","meta":[],"product_brand":[],"product_cat":[23],"product_tag":[],"class_list":{"0":"post-1057","1":"product","2":"type-product","3":"status-publish","4":"has-post-thumbnail","6":"product_cat-peintures","7":"product_shipping_class-lettres-photos-illus-cartes-peintures","9":"entry","10":"has-media","12":"first","13":"instock","14":"shipping-taxable","15":"purchasable","16":"product-type-simple","17":"has-product-nav","18":"col","19":"span_1_of_3","20":"owp-content-center","21":"owp-thumbs-layout-horizontal","22":"owp-btn-normal","23":"owp-tabs-layout-horizontal","24":"has-no-thumbnails","26":"circle-sale"},"_links":{"self":[{"href":"https:\/\/mazdyncrea.com\/index.php\/wp-json\/wp\/v2\/product\/1057","targetHints":{"allow":["GET"]}}],"collection":[{"href":"https:\/\/mazdyncrea.com\/index.php\/wp-json\/wp\/v2\/product"}],"about":[{"href":"https:\/\/mazdyncrea.com\/index.php\/wp-json\/wp\/v2\/types\/product"}],"replies":[{"embeddable":true,"href":"https:\/\/mazdyncrea.com\/index.php\/wp-json\/wp\/v2\/comments?post=1057"}],"wp:featuredmedia":[{"embeddable":true,"href":"https:\/\/mazdyncrea.com\/index.php\/wp-json\/wp\/v2\/media\/1033"}],"wp:attachment":[{"href":"https:\/\/mazdyncrea.com\/index.php\/wp-json\/wp\/v2\/media?parent=1057"}],"wp:term":[{"taxonomy":"product_brand","embeddable":true,"href":"https:\/\/mazdyncrea.com\/index.php\/wp-json\/wp\/v2\/product_brand?post=1057"},{"taxonomy":"product_cat","embeddable":true,"href":"https:\/\/mazdyncrea.com\/index.php\/wp-json\/wp\/v2\/product_cat?post=1057"},{"taxonomy":"product_tag","embeddable":true,"href":"https:\/\/mazdyncrea.com\/index.php\/wp-json\/wp\/v2\/product_tag?post=1057"}],"curies":[{"name":"wp","href":"https:\/\/api.w.org\/{rel}","templated":true}]}}