{"id":1025,"date":"2024-09-18T09:24:49","date_gmt":"2024-09-18T07:24:49","guid":{"rendered":"https:\/\/mazdyncrea.com\/?post_type=product&#038;p=1025"},"modified":"2025-12-11T04:37:34","modified_gmt":"2025-12-11T03:37:34","slug":"fiole-lune-etoilee-avec-son-medaillon","status":"publish","type":"product","link":"https:\/\/mazdyncrea.com\/index.php\/produit\/fiole-lune-etoilee-avec-son-medaillon\/","title":{"rendered":"Fiole lune \u00e9toil\u00e9e avec son m\u00e9daillon"},"content":{"rendered":"<p><span style=\"color: #000000;\"><span style=\"font-family: Arial, sans-serif;\">Fiole lune \u00e9toil\u00e9e.<\/span><\/span><\/p>\n<p><span style=\"color: #000000;\"><span style=\"font-family: Arial, sans-serif;\">Pierre : Howlite, aventurine, am\u00e9thyste<\/span><\/span><\/p>\n<p><span style=\"color: #000000;\"><span style=\"font-family: Arial, sans-serif;\">Avec son collier effet velours bleu et son m\u00e9daillon lune<\/span><\/span><\/p>\n<p>Utilisation de plusieurs vernis pour cet effet brillant, \u00e9tincelant.<\/p>\n<p>Dimension fiole : 4 x 8 cm<\/p>\n<p>Longueur du collier : 41.5 cm, agrandissement faisable avec rajout d&rsquo;anneaux, sur demande.<\/p>\n<p>Envoie par vinted possible, me contacter via mazdyncrea@gmail.com<\/p>\n","protected":false},"excerpt":{"rendered":"<p>Fiole lune \u00e9toil\u00e9 et son collier<\/p>\n","protected":false},"featured_media":1013,"comment_status":"open","ping_status":"closed","template":"","meta":[],"product_brand":[],"product_cat":[19],"product_tag":[],"class_list":{"0":"post-1025","1":"product","2":"type-product","3":"status-publish","4":"has-post-thumbnail","6":"product_cat-fioles","7":"product_shipping_class-colis-fioles-peluches-solidaires","9":"entry","10":"has-media","12":"first","13":"instock","14":"shipping-taxable","15":"purchasable","16":"product-type-simple","17":"has-product-nav","18":"col","19":"span_1_of_3","20":"owp-content-center","21":"owp-thumbs-layout-horizontal","22":"owp-btn-normal","23":"owp-tabs-layout-horizontal","25":"circle-sale"},"_links":{"self":[{"href":"https:\/\/mazdyncrea.com\/index.php\/wp-json\/wp\/v2\/product\/1025","targetHints":{"allow":["GET"]}}],"collection":[{"href":"https:\/\/mazdyncrea.com\/index.php\/wp-json\/wp\/v2\/product"}],"about":[{"href":"https:\/\/mazdyncrea.com\/index.php\/wp-json\/wp\/v2\/types\/product"}],"replies":[{"embeddable":true,"href":"https:\/\/mazdyncrea.com\/index.php\/wp-json\/wp\/v2\/comments?post=1025"}],"wp:featuredmedia":[{"embeddable":true,"href":"https:\/\/mazdyncrea.com\/index.php\/wp-json\/wp\/v2\/media\/1013"}],"wp:attachment":[{"href":"https:\/\/mazdyncrea.com\/index.php\/wp-json\/wp\/v2\/media?parent=1025"}],"wp:term":[{"taxonomy":"product_brand","embeddable":true,"href":"https:\/\/mazdyncrea.com\/index.php\/wp-json\/wp\/v2\/product_brand?post=1025"},{"taxonomy":"product_cat","embeddable":true,"href":"https:\/\/mazdyncrea.com\/index.php\/wp-json\/wp\/v2\/product_cat?post=1025"},{"taxonomy":"product_tag","embeddable":true,"href":"https:\/\/mazdyncrea.com\/index.php\/wp-json\/wp\/v2\/product_tag?post=1025"}],"curies":[{"name":"wp","href":"https:\/\/api.w.org\/{rel}","templated":true}]}}