{"id":1012,"date":"2024-09-18T09:24:59","date_gmt":"2024-09-18T07:24:59","guid":{"rendered":"https:\/\/mazdyncrea.com\/?post_type=product&#038;p=1012"},"modified":"2025-12-11T04:37:32","modified_gmt":"2025-12-11T03:37:32","slug":"bracelet-feuille-rouge-et-dentelle","status":"publish","type":"product","link":"https:\/\/mazdyncrea.com\/index.php\/produit\/bracelet-feuille-rouge-et-dentelle\/","title":{"rendered":"Bracelet Feuille Rouge et Dentelle"},"content":{"rendered":"<p>Bracelet Feuille Rouge et Dentelle.<\/p>\n<p>Bracelet cousu \u00e0 la main (dentelle, perle et feuille), seul l&rsquo;\u00e9lastique \u00e0 \u00e9t\u00e9 cousu \u00e0 la machine.<\/p>\n<p>L&rsquo;ajout de l&rsquo;\u00e9lastique permet de pouvoir le porter m\u00eame si notre poids varie (ce qui est normal), ou tout simplement permettre \u00e0 plus de personne de pouvoir le porter.<\/p>\n<p>Mesure : 11.5 cm de hauteur,\u00a0 tour de poignet 20 \u00e0 27 cm<\/p>\n<p>Possibilit\u00e9 de faire un envoie via vinted, en m&rsquo;envoyant un mail \u00e0 l&rsquo;adresse suivante : mazdyncrea@gmail.com<\/p>\n","protected":false},"excerpt":{"rendered":"<p>Bracelet \u00e9lastique feuille rouge et dentelle<\/p>\n","protected":false},"featured_media":1008,"comment_status":"open","ping_status":"closed","template":"","meta":[],"product_brand":[],"product_cat":[28],"product_tag":[],"class_list":{"0":"post-1012","1":"product","2":"type-product","3":"status-publish","4":"has-post-thumbnail","6":"product_cat-bijoux","7":"product_shipping_class-colis-bijoux-suspensions-aimants-marque-page","9":"entry","10":"has-media","12":"first","13":"instock","14":"shipping-taxable","15":"purchasable","16":"product-type-simple","17":"has-product-nav","18":"col","19":"span_1_of_3","20":"owp-content-center","21":"owp-thumbs-layout-horizontal","22":"owp-btn-normal","23":"owp-tabs-layout-horizontal","25":"circle-sale"},"_links":{"self":[{"href":"https:\/\/mazdyncrea.com\/index.php\/wp-json\/wp\/v2\/product\/1012","targetHints":{"allow":["GET"]}}],"collection":[{"href":"https:\/\/mazdyncrea.com\/index.php\/wp-json\/wp\/v2\/product"}],"about":[{"href":"https:\/\/mazdyncrea.com\/index.php\/wp-json\/wp\/v2\/types\/product"}],"replies":[{"embeddable":true,"href":"https:\/\/mazdyncrea.com\/index.php\/wp-json\/wp\/v2\/comments?post=1012"}],"wp:featuredmedia":[{"embeddable":true,"href":"https:\/\/mazdyncrea.com\/index.php\/wp-json\/wp\/v2\/media\/1008"}],"wp:attachment":[{"href":"https:\/\/mazdyncrea.com\/index.php\/wp-json\/wp\/v2\/media?parent=1012"}],"wp:term":[{"taxonomy":"product_brand","embeddable":true,"href":"https:\/\/mazdyncrea.com\/index.php\/wp-json\/wp\/v2\/product_brand?post=1012"},{"taxonomy":"product_cat","embeddable":true,"href":"https:\/\/mazdyncrea.com\/index.php\/wp-json\/wp\/v2\/product_cat?post=1012"},{"taxonomy":"product_tag","embeddable":true,"href":"https:\/\/mazdyncrea.com\/index.php\/wp-json\/wp\/v2\/product_tag?post=1012"}],"curies":[{"name":"wp","href":"https:\/\/api.w.org\/{rel}","templated":true}]}}