{"id":1011,"date":"2024-09-18T09:25:48","date_gmt":"2024-09-18T07:25:48","guid":{"rendered":"https:\/\/mazdyncrea.com\/?post_type=product&#038;p=1011"},"modified":"2025-12-11T04:37:32","modified_gmt":"2025-12-11T03:37:32","slug":"collier-vampire","status":"publish","type":"product","link":"https:\/\/mazdyncrea.com\/index.php\/produit\/collier-vampire\/","title":{"rendered":"Collier Vampire"},"content":{"rendered":"<p>Collier &#8211; Ras de cou Vampire<\/p>\n<p>Ruban rouge et noir, avec un m\u00e9daillon Vampire fait \u00e0 la main.<\/p>\n<p>Il\u00a0 a \u00e9t\u00e9 cousu \u00e0 la main. possibilit\u00e9 de rajouter des anneaux pour agrandir le tour de cou.<\/p>\n<p>Mesure : 34 cm de tour de cou et 6 cm de hauteur avec le m\u00e9daillon.<\/p>\n<p>Possibilit\u00e9 de faire un envoie via Vinted, me contacter via mazdyncrea@gmail.com<\/p>\n","protected":false},"excerpt":{"rendered":"<p>Ras de cou &#8211; Vampire<\/p>\n","protected":false},"featured_media":1007,"comment_status":"open","ping_status":"closed","template":"","meta":[],"product_brand":[],"product_cat":[28],"product_tag":[],"class_list":{"0":"post-1011","1":"product","2":"type-product","3":"status-publish","4":"has-post-thumbnail","6":"product_cat-bijoux","7":"product_shipping_class-colis-bijoux-suspensions-aimants-marque-page","9":"entry","10":"has-media","12":"first","13":"instock","14":"shipping-taxable","15":"purchasable","16":"product-type-simple","17":"has-product-nav","18":"col","19":"span_1_of_3","20":"owp-content-center","21":"owp-thumbs-layout-horizontal","22":"owp-btn-normal","23":"owp-tabs-layout-horizontal","25":"circle-sale"},"_links":{"self":[{"href":"https:\/\/mazdyncrea.com\/index.php\/wp-json\/wp\/v2\/product\/1011","targetHints":{"allow":["GET"]}}],"collection":[{"href":"https:\/\/mazdyncrea.com\/index.php\/wp-json\/wp\/v2\/product"}],"about":[{"href":"https:\/\/mazdyncrea.com\/index.php\/wp-json\/wp\/v2\/types\/product"}],"replies":[{"embeddable":true,"href":"https:\/\/mazdyncrea.com\/index.php\/wp-json\/wp\/v2\/comments?post=1011"}],"wp:featuredmedia":[{"embeddable":true,"href":"https:\/\/mazdyncrea.com\/index.php\/wp-json\/wp\/v2\/media\/1007"}],"wp:attachment":[{"href":"https:\/\/mazdyncrea.com\/index.php\/wp-json\/wp\/v2\/media?parent=1011"}],"wp:term":[{"taxonomy":"product_brand","embeddable":true,"href":"https:\/\/mazdyncrea.com\/index.php\/wp-json\/wp\/v2\/product_brand?post=1011"},{"taxonomy":"product_cat","embeddable":true,"href":"https:\/\/mazdyncrea.com\/index.php\/wp-json\/wp\/v2\/product_cat?post=1011"},{"taxonomy":"product_tag","embeddable":true,"href":"https:\/\/mazdyncrea.com\/index.php\/wp-json\/wp\/v2\/product_tag?post=1011"}],"curies":[{"name":"wp","href":"https:\/\/api.w.org\/{rel}","templated":true}]}}